{"id":88,"date":"2025-02-09T12:18:19","date_gmt":"2025-02-09T11:18:19","guid":{"rendered":"https:\/\/amicale-ccff-pugetsurargens.org\/?page_id=88"},"modified":"2025-07-23T16:51:24","modified_gmt":"2025-07-23T14:51:24","slug":"utile","status":"publish","type":"page","link":"https:\/\/amicale-ccff-pugetsurargens.org\/index.php\/utile\/","title":{"rendered":"Utile"},"content":{"rendered":"\n<p class=\"has-text-align-center\">Application ANDROID <strong><a href=\"https:\/\/play.google.com\/store\/apps\/details?id=fr.fosiva.app\" target=\"_blank\" rel=\"noreferrer noopener\">Fosiva<\/a><\/strong><br>Incendies, fermetures de massifs, crues, vigilances m\u00e9t\u00e9o\u2026 FOSIVA vous informe en temps r\u00e9el et vous aide \u00e0 r\u00e9agir efficacement face aux risques naturels. Une application gratuite, simple et multilingue<br><\/p>\n\n\n<div class=\"wp-block-image\">\n<figure class=\"aligncenter size-full\"><a href=\"https:\/\/play.google.com\/store\/apps\/details?id=fr.fosiva.app\" target=\"_blank\" rel=\" noreferrer noopener\"><img loading=\"lazy\" decoding=\"async\" width=\"244\" height=\"239\" src=\"http:\/\/amicale-ccff-pugetsurargens.org\/wp-content\/uploads\/2025\/07\/Fosiva.png\" alt=\"\" class=\"wp-image-337\"\/><\/a><\/figure>\n<\/div>\n\n<div class=\"wp-block-image\">\n<figure class=\"aligncenter size-large\"><img loading=\"lazy\" decoding=\"async\" width=\"473\" height=\"1024\" src=\"http:\/\/amicale-ccff-pugetsurargens.org\/wp-content\/uploads\/2025\/07\/Fosiva_Capture-473x1024.jpg\" alt=\"\" class=\"wp-image-345\" srcset=\"https:\/\/amicale-ccff-pugetsurargens.org\/wp-content\/uploads\/2025\/07\/Fosiva_Capture-473x1024.jpg 473w, https:\/\/amicale-ccff-pugetsurargens.org\/wp-content\/uploads\/2025\/07\/Fosiva_Capture-138x300.jpg 138w, https:\/\/amicale-ccff-pugetsurargens.org\/wp-content\/uploads\/2025\/07\/Fosiva_Capture-768x1664.jpg 768w, https:\/\/amicale-ccff-pugetsurargens.org\/wp-content\/uploads\/2025\/07\/Fosiva_Capture-709x1536.jpg 709w, https:\/\/amicale-ccff-pugetsurargens.org\/wp-content\/uploads\/2025\/07\/Fosiva_Capture-945x2048.jpg 945w, https:\/\/amicale-ccff-pugetsurargens.org\/wp-content\/uploads\/2025\/07\/Fosiva_Capture-125x270.jpg 125w, https:\/\/amicale-ccff-pugetsurargens.org\/wp-content\/uploads\/2025\/07\/Fosiva_Capture.jpg 1080w\" sizes=\"auto, (max-width: 473px) 100vw, 473px\" \/><\/figure>\n<\/div>\n\n\n<p class=\"has-text-align-center\">Aussi disponible pour les Iphones sur Apple Store <a href=\"https:\/\/apps.apple.com\/fr\/app\/fosiva\/id6483928435\" target=\"_blank\" rel=\"noreferrer noopener\">Fosiva<\/a><\/p>\n\n\n\n<hr class=\"wp-block-separator has-alpha-channel-opacity\"\/>\n\n\n\n<p class=\"has-text-align-center\">Application ANDROID <strong><a href=\"https:\/\/play.google.com\/store\/apps\/details?id=com.TeamDuTurfu.geobaroud&amp;hl=fr-CA\" target=\"_blank\" rel=\"noreferrer noopener\">GeoBaroud<\/a><\/strong><br>L&#8217;indispensable pour conna\u00eetre instantan\u00e9ment votre position DFCI<br><\/p>\n\n\n<div class=\"wp-block-image\">\n<figure class=\"aligncenter size-full\"><a href=\"https:\/\/play.google.com\/store\/apps\/details?id=com.TeamDuTurfu.geobaroud&amp;hl=fr-CA\" target=\"_blank\" rel=\" noreferrer noopener\"><img loading=\"lazy\" decoding=\"async\" width=\"249\" height=\"252\" src=\"http:\/\/amicale-ccff-pugetsurargens.org\/wp-content\/uploads\/2025\/06\/GeoBaroud.jpg\" alt=\"\" class=\"wp-image-292\"\/><\/a><\/figure>\n<\/div>\n\n<div class=\"wp-block-image\">\n<figure class=\"aligncenter size-large\"><img loading=\"lazy\" decoding=\"async\" width=\"473\" height=\"1024\" src=\"http:\/\/amicale-ccff-pugetsurargens.org\/wp-content\/uploads\/2025\/06\/GeoBaroud-Screen-473x1024.png\" alt=\"\" class=\"wp-image-293\" srcset=\"https:\/\/amicale-ccff-pugetsurargens.org\/wp-content\/uploads\/2025\/06\/GeoBaroud-Screen-473x1024.png 473w, https:\/\/amicale-ccff-pugetsurargens.org\/wp-content\/uploads\/2025\/06\/GeoBaroud-Screen-138x300.png 138w, https:\/\/amicale-ccff-pugetsurargens.org\/wp-content\/uploads\/2025\/06\/GeoBaroud-Screen-768x1664.png 768w, https:\/\/amicale-ccff-pugetsurargens.org\/wp-content\/uploads\/2025\/06\/GeoBaroud-Screen-709x1536.png 709w, https:\/\/amicale-ccff-pugetsurargens.org\/wp-content\/uploads\/2025\/06\/GeoBaroud-Screen-945x2048.png 945w, https:\/\/amicale-ccff-pugetsurargens.org\/wp-content\/uploads\/2025\/06\/GeoBaroud-Screen-125x270.png 125w, https:\/\/amicale-ccff-pugetsurargens.org\/wp-content\/uploads\/2025\/06\/GeoBaroud-Screen.png 1080w\" sizes=\"auto, (max-width: 473px) 100vw, 473px\" \/><\/figure>\n<\/div>\n\n\n<hr class=\"wp-block-separator has-alpha-channel-opacity\"\/>\n\n\n\n<p class=\"has-text-align-center\">Vous trouverez ci-apr\u00e8s le guide du patrouilleur 2025:<br><\/p>\n\n\n<div class=\"wp-block-image\">\n<figure class=\"aligncenter size-full\"><a href=\"http:\/\/amicale-ccff-pugetsurargens.org\/wp-content\/uploads\/2025\/06\/guide-du-patrouilleur-2025-1.pdf\" target=\"_blank\" rel=\" noreferrer noopener\"><img loading=\"lazy\" decoding=\"async\" width=\"313\" height=\"438\" src=\"http:\/\/amicale-ccff-pugetsurargens.org\/wp-content\/uploads\/2025\/02\/guide-du-patrouilleur.jpg\" alt=\"\" class=\"wp-image-90\" srcset=\"https:\/\/amicale-ccff-pugetsurargens.org\/wp-content\/uploads\/2025\/02\/guide-du-patrouilleur.jpg 313w, https:\/\/amicale-ccff-pugetsurargens.org\/wp-content\/uploads\/2025\/02\/guide-du-patrouilleur-214x300.jpg 214w\" sizes=\"auto, (max-width: 313px) 100vw, 313px\" \/><\/a><\/figure>\n<\/div>\n\n\n<hr class=\"wp-block-separator has-alpha-channel-opacity is-style-wide\"\/>\n\n\n\n<p class=\"has-text-align-center\">Fiche Promeneurs:<br><\/p>\n\n\n<div class=\"wp-block-image\">\n<figure class=\"aligncenter size-full\"><a href=\"http:\/\/amicale-ccff-pugetsurargens.org\/wp-content\/uploads\/2025\/02\/Fiche-a-lattention-des-promeneurs-en-4-langues.pdf\" target=\"_blank\" rel=\" noreferrer noopener\"><img loading=\"lazy\" decoding=\"async\" width=\"629\" height=\"439\" src=\"http:\/\/amicale-ccff-pugetsurargens.org\/wp-content\/uploads\/2025\/02\/Fiche-Promeneur.jpg\" alt=\"\" class=\"wp-image-98\" srcset=\"https:\/\/amicale-ccff-pugetsurargens.org\/wp-content\/uploads\/2025\/02\/Fiche-Promeneur.jpg 629w, https:\/\/amicale-ccff-pugetsurargens.org\/wp-content\/uploads\/2025\/02\/Fiche-Promeneur-300x209.jpg 300w\" sizes=\"auto, (max-width: 629px) 100vw, 629px\" \/><\/a><\/figure>\n<\/div>\n\n\n<hr class=\"wp-block-separator has-alpha-channel-opacity is-style-wide\"\/>\n\n\n\n<p class=\"has-text-align-center\">Reconnaitre les bouches d&#8217;incendie:<\/p>\n\n\n<div class=\"wp-block-image\">\n<figure class=\"aligncenter size-full\"><img loading=\"lazy\" decoding=\"async\" width=\"783\" height=\"960\" src=\"http:\/\/amicale-ccff-pugetsurargens.org\/wp-content\/uploads\/2025\/04\/Couleur-Point-eau.jpg\" alt=\"\" class=\"wp-image-220\" srcset=\"https:\/\/amicale-ccff-pugetsurargens.org\/wp-content\/uploads\/2025\/04\/Couleur-Point-eau.jpg 783w, https:\/\/amicale-ccff-pugetsurargens.org\/wp-content\/uploads\/2025\/04\/Couleur-Point-eau-245x300.jpg 245w, https:\/\/amicale-ccff-pugetsurargens.org\/wp-content\/uploads\/2025\/04\/Couleur-Point-eau-768x942.jpg 768w, https:\/\/amicale-ccff-pugetsurargens.org\/wp-content\/uploads\/2025\/04\/Couleur-Point-eau-220x270.jpg 220w\" sizes=\"auto, (max-width: 783px) 100vw, 783px\" \/><\/figure>\n<\/div>\n\n\n<hr class=\"wp-block-separator has-alpha-channel-opacity\"\/>\n\n\n\n<figure class=\"wp-block-gallery has-nested-images columns-default is-cropped wp-block-gallery-1 is-layout-flex wp-block-gallery-is-layout-flex\">\n<figure class=\"wp-block-image size-large\"><img loading=\"lazy\" decoding=\"async\" width=\"1024\" height=\"1024\" data-id=\"278\" src=\"https:\/\/amicale-ccff-pugetsurargens.org\/wp-content\/uploads\/2025\/06\/GIFF-1024x1024.jpg\" alt=\"\" class=\"wp-image-278\" srcset=\"https:\/\/amicale-ccff-pugetsurargens.org\/wp-content\/uploads\/2025\/06\/GIFF-1024x1024.jpg 1024w, https:\/\/amicale-ccff-pugetsurargens.org\/wp-content\/uploads\/2025\/06\/GIFF-300x300.jpg 300w, https:\/\/amicale-ccff-pugetsurargens.org\/wp-content\/uploads\/2025\/06\/GIFF-150x150.jpg 150w, https:\/\/amicale-ccff-pugetsurargens.org\/wp-content\/uploads\/2025\/06\/GIFF-768x768.jpg 768w, https:\/\/amicale-ccff-pugetsurargens.org\/wp-content\/uploads\/2025\/06\/GIFF-270x270.jpg 270w, https:\/\/amicale-ccff-pugetsurargens.org\/wp-content\/uploads\/2025\/06\/GIFF.jpg 1080w\" sizes=\"auto, (max-width: 1024px) 100vw, 1024px\" \/><\/figure>\n\n\n\n<figure class=\"wp-block-image size-large\"><img loading=\"lazy\" decoding=\"async\" width=\"1024\" height=\"1024\" data-id=\"277\" src=\"https:\/\/amicale-ccff-pugetsurargens.org\/wp-content\/uploads\/2025\/06\/DIH-1024x1024.jpg\" alt=\"\" class=\"wp-image-277\" srcset=\"https:\/\/amicale-ccff-pugetsurargens.org\/wp-content\/uploads\/2025\/06\/DIH-1024x1024.jpg 1024w, https:\/\/amicale-ccff-pugetsurargens.org\/wp-content\/uploads\/2025\/06\/DIH-300x300.jpg 300w, https:\/\/amicale-ccff-pugetsurargens.org\/wp-content\/uploads\/2025\/06\/DIH-150x150.jpg 150w, https:\/\/amicale-ccff-pugetsurargens.org\/wp-content\/uploads\/2025\/06\/DIH-768x768.jpg 768w, https:\/\/amicale-ccff-pugetsurargens.org\/wp-content\/uploads\/2025\/06\/DIH-270x270.jpg 270w, https:\/\/amicale-ccff-pugetsurargens.org\/wp-content\/uploads\/2025\/06\/DIH.jpg 1080w\" sizes=\"auto, (max-width: 1024px) 100vw, 1024px\" \/><\/figure>\n\n\n\n<figure class=\"wp-block-image size-large\"><img loading=\"lazy\" decoding=\"async\" width=\"1024\" height=\"1024\" data-id=\"279\" src=\"https:\/\/amicale-ccff-pugetsurargens.org\/wp-content\/uploads\/2025\/06\/GPIHF-1024x1024.jpg\" alt=\"\" class=\"wp-image-279\" srcset=\"https:\/\/amicale-ccff-pugetsurargens.org\/wp-content\/uploads\/2025\/06\/GPIHF-1024x1024.jpg 1024w, https:\/\/amicale-ccff-pugetsurargens.org\/wp-content\/uploads\/2025\/06\/GPIHF-300x300.jpg 300w, https:\/\/amicale-ccff-pugetsurargens.org\/wp-content\/uploads\/2025\/06\/GPIHF-150x150.jpg 150w, https:\/\/amicale-ccff-pugetsurargens.org\/wp-content\/uploads\/2025\/06\/GPIHF-768x768.jpg 768w, https:\/\/amicale-ccff-pugetsurargens.org\/wp-content\/uploads\/2025\/06\/GPIHF-270x270.jpg 270w, https:\/\/amicale-ccff-pugetsurargens.org\/wp-content\/uploads\/2025\/06\/GPIHF.jpg 1080w\" sizes=\"auto, (max-width: 1024px) 100vw, 1024px\" \/><\/figure>\n\n\n\n<figure class=\"wp-block-image size-large\"><img loading=\"lazy\" decoding=\"async\" width=\"1024\" height=\"1024\" data-id=\"282\" src=\"https:\/\/amicale-ccff-pugetsurargens.org\/wp-content\/uploads\/2025\/06\/MIL-1024x1024.jpg\" alt=\"\" class=\"wp-image-282\" srcset=\"https:\/\/amicale-ccff-pugetsurargens.org\/wp-content\/uploads\/2025\/06\/MIL-1024x1024.jpg 1024w, https:\/\/amicale-ccff-pugetsurargens.org\/wp-content\/uploads\/2025\/06\/MIL-300x300.jpg 300w, https:\/\/amicale-ccff-pugetsurargens.org\/wp-content\/uploads\/2025\/06\/MIL-150x150.jpg 150w, https:\/\/amicale-ccff-pugetsurargens.org\/wp-content\/uploads\/2025\/06\/MIL-768x768.jpg 768w, https:\/\/amicale-ccff-pugetsurargens.org\/wp-content\/uploads\/2025\/06\/MIL-270x270.jpg 270w, https:\/\/amicale-ccff-pugetsurargens.org\/wp-content\/uploads\/2025\/06\/MIL.jpg 1080w\" sizes=\"auto, (max-width: 1024px) 100vw, 1024px\" \/><\/figure>\n\n\n\n<figure class=\"wp-block-image size-large\"><img loading=\"lazy\" decoding=\"async\" width=\"1024\" height=\"1024\" data-id=\"280\" src=\"https:\/\/amicale-ccff-pugetsurargens.org\/wp-content\/uploads\/2025\/06\/GrAFF-1024x1024.jpg\" alt=\"\" class=\"wp-image-280\" srcset=\"https:\/\/amicale-ccff-pugetsurargens.org\/wp-content\/uploads\/2025\/06\/GrAFF-1024x1024.jpg 1024w, https:\/\/amicale-ccff-pugetsurargens.org\/wp-content\/uploads\/2025\/06\/GrAFF-300x300.jpg 300w, https:\/\/amicale-ccff-pugetsurargens.org\/wp-content\/uploads\/2025\/06\/GrAFF-150x150.jpg 150w, https:\/\/amicale-ccff-pugetsurargens.org\/wp-content\/uploads\/2025\/06\/GrAFF-768x768.jpg 768w, https:\/\/amicale-ccff-pugetsurargens.org\/wp-content\/uploads\/2025\/06\/GrAFF-270x270.jpg 270w, https:\/\/amicale-ccff-pugetsurargens.org\/wp-content\/uploads\/2025\/06\/GrAFF.jpg 1080w\" sizes=\"auto, (max-width: 1024px) 100vw, 1024px\" \/><\/figure>\n\n\n\n<figure class=\"wp-block-image size-large\"><img loading=\"lazy\" decoding=\"async\" width=\"1024\" height=\"1024\" data-id=\"281\" src=\"https:\/\/amicale-ccff-pugetsurargens.org\/wp-content\/uploads\/2025\/06\/Groupe-Alim-1024x1024.jpg\" alt=\"\" class=\"wp-image-281\" srcset=\"https:\/\/amicale-ccff-pugetsurargens.org\/wp-content\/uploads\/2025\/06\/Groupe-Alim-1024x1024.jpg 1024w, https:\/\/amicale-ccff-pugetsurargens.org\/wp-content\/uploads\/2025\/06\/Groupe-Alim-300x300.jpg 300w, https:\/\/amicale-ccff-pugetsurargens.org\/wp-content\/uploads\/2025\/06\/Groupe-Alim-150x150.jpg 150w, https:\/\/amicale-ccff-pugetsurargens.org\/wp-content\/uploads\/2025\/06\/Groupe-Alim-768x768.jpg 768w, https:\/\/amicale-ccff-pugetsurargens.org\/wp-content\/uploads\/2025\/06\/Groupe-Alim-270x270.jpg 270w, https:\/\/amicale-ccff-pugetsurargens.org\/wp-content\/uploads\/2025\/06\/Groupe-Alim.jpg 1080w\" sizes=\"auto, (max-width: 1024px) 100vw, 1024px\" \/><\/figure>\n\n\n\n<figure class=\"wp-block-image size-large\"><img loading=\"lazy\" decoding=\"async\" width=\"1024\" height=\"1024\" data-id=\"283\" src=\"https:\/\/amicale-ccff-pugetsurargens.org\/wp-content\/uploads\/2025\/06\/MIR-1024x1024.jpg\" alt=\"\" class=\"wp-image-283\" srcset=\"https:\/\/amicale-ccff-pugetsurargens.org\/wp-content\/uploads\/2025\/06\/MIR-1024x1024.jpg 1024w, https:\/\/amicale-ccff-pugetsurargens.org\/wp-content\/uploads\/2025\/06\/MIR-300x300.jpg 300w, https:\/\/amicale-ccff-pugetsurargens.org\/wp-content\/uploads\/2025\/06\/MIR-150x150.jpg 150w, https:\/\/amicale-ccff-pugetsurargens.org\/wp-content\/uploads\/2025\/06\/MIR-768x768.jpg 768w, https:\/\/amicale-ccff-pugetsurargens.org\/wp-content\/uploads\/2025\/06\/MIR-270x270.jpg 270w, https:\/\/amicale-ccff-pugetsurargens.org\/wp-content\/uploads\/2025\/06\/MIR.jpg 1080w\" sizes=\"auto, (max-width: 1024px) 100vw, 1024px\" \/><\/figure>\n<\/figure>\n\n\n\n<hr class=\"wp-block-separator has-alpha-channel-opacity\"\/>\n","protected":false},"excerpt":{"rendered":"<p>Application ANDROID FosivaIncendies, fermetures de massifs, crues, vigilances m\u00e9t\u00e9o\u2026 FOSIVA vous informe en temps r\u00e9el et vous aide \u00e0 r\u00e9agir efficacement face aux risques naturels. Une application gratuite, simple et multilingue Aussi disponible pour les Iphones sur Apple Store Fosiva Application ANDROID GeoBaroudL&#8217;indispensable pour conna\u00eetre instantan\u00e9ment votre position DFCI Vous trouverez ci-apr\u00e8s le guide du patrouilleur 2025: Fiche Promeneurs: Reconnaitre les bouches d&#8217;incendie:<\/p>\n","protected":false},"author":1,"featured_media":0,"parent":0,"menu_order":2,"comment_status":"closed","ping_status":"closed","template":"","meta":{"footnotes":""},"class_list":["post-88","page","type-page","status-publish","hentry"],"_links":{"self":[{"href":"https:\/\/amicale-ccff-pugetsurargens.org\/index.php\/wp-json\/wp\/v2\/pages\/88","targetHints":{"allow":["GET"]}}],"collection":[{"href":"https:\/\/amicale-ccff-pugetsurargens.org\/index.php\/wp-json\/wp\/v2\/pages"}],"about":[{"href":"https:\/\/amicale-ccff-pugetsurargens.org\/index.php\/wp-json\/wp\/v2\/types\/page"}],"author":[{"embeddable":true,"href":"https:\/\/amicale-ccff-pugetsurargens.org\/index.php\/wp-json\/wp\/v2\/users\/1"}],"replies":[{"embeddable":true,"href":"https:\/\/amicale-ccff-pugetsurargens.org\/index.php\/wp-json\/wp\/v2\/comments?post=88"}],"version-history":[{"count":16,"href":"https:\/\/amicale-ccff-pugetsurargens.org\/index.php\/wp-json\/wp\/v2\/pages\/88\/revisions"}],"predecessor-version":[{"id":346,"href":"https:\/\/amicale-ccff-pugetsurargens.org\/index.php\/wp-json\/wp\/v2\/pages\/88\/revisions\/346"}],"wp:attachment":[{"href":"https:\/\/amicale-ccff-pugetsurargens.org\/index.php\/wp-json\/wp\/v2\/media?parent=88"}],"curies":[{"name":"wp","href":"https:\/\/api.w.org\/{rel}","templated":true}]}}